{"id":2312,"date":"2025-10-21T16:32:43","date_gmt":"2025-10-21T16:32:43","guid":{"rendered":"https:\/\/suequimed.com.mx\/2025\/?post_type=product&#038;p=2312"},"modified":"2025-10-22T15:50:39","modified_gmt":"2025-10-22T15:50:39","slug":"dolorclast-radial-shock-waves","status":"publish","type":"product","link":"https:\/\/suequimed.com.mx\/2025\/producto\/dolorclast-radial-shock-waves\/","title":{"rendered":"DolorClast\u00ae Radial Shock Waves"},"content":{"rendered":"<p><strong>Tratamiento r\u00e1pido y eficaz<\/strong><br \/>\nIdeal para lesiones musculares o zonas amplias, facilitando la recuperaci\u00f3n del paciente.<\/p>\n<p><strong>Resultados sin dolor<\/strong><br \/>\nSupera patolog\u00edas dolorosas con una terapia no invasiva, incluso en pacientes sensibles.<\/p>\n<p><strong>Uso c\u00f3modo y rentable<\/strong><br \/>\nF\u00e1cil de instalar, mantener y transportar; optimiza el flujo de trabajo y la rentabilidad de tu pr\u00e1ctica.<\/p>\n","protected":false},"excerpt":{"rendered":"<p>Tratamiento r\u00e1pido y eficaz Ideal para lesiones musculares o zonas amplias, facilitando la recuperaci\u00f3n del paciente. Resultados sin dolor Supera patolog\u00edas dolorosas con una terapia no invasiva, incluso en pacientes sensibles. Uso c\u00f3modo y rentable F\u00e1cil de instalar, mantener y transportar; optimiza el flujo de trabajo y la rentabilidad de tu pr\u00e1ctica.<\/p>\n","protected":false},"featured_media":2325,"comment_status":"open","ping_status":"closed","template":"","meta":{"_acf_changed":false,"nf_dc_page":"","om_disable_all_campaigns":false,"_joinchat":[]},"product_brand":[56],"product_cat":[23],"product_tag":[],"class_list":{"0":"post-2312","1":"product","2":"type-product","3":"status-publish","4":"has-post-thumbnail","6":"product_brand-ems","7":"product_cat-sin-categorizar","9":"first","10":"instock","11":"shipping-taxable","12":"product-type-simple"},"acf":[],"_links":{"self":[{"href":"https:\/\/suequimed.com.mx\/2025\/wp-json\/wp\/v2\/product\/2312","targetHints":{"allow":["GET"]}}],"collection":[{"href":"https:\/\/suequimed.com.mx\/2025\/wp-json\/wp\/v2\/product"}],"about":[{"href":"https:\/\/suequimed.com.mx\/2025\/wp-json\/wp\/v2\/types\/product"}],"replies":[{"embeddable":true,"href":"https:\/\/suequimed.com.mx\/2025\/wp-json\/wp\/v2\/comments?post=2312"}],"version-history":[{"count":1,"href":"https:\/\/suequimed.com.mx\/2025\/wp-json\/wp\/v2\/product\/2312\/revisions"}],"predecessor-version":[{"id":2316,"href":"https:\/\/suequimed.com.mx\/2025\/wp-json\/wp\/v2\/product\/2312\/revisions\/2316"}],"wp:featuredmedia":[{"embeddable":true,"href":"https:\/\/suequimed.com.mx\/2025\/wp-json\/wp\/v2\/media\/2325"}],"wp:attachment":[{"href":"https:\/\/suequimed.com.mx\/2025\/wp-json\/wp\/v2\/media?parent=2312"}],"wp:term":[{"taxonomy":"product_brand","embeddable":true,"href":"https:\/\/suequimed.com.mx\/2025\/wp-json\/wp\/v2\/product_brand?post=2312"},{"taxonomy":"product_cat","embeddable":true,"href":"https:\/\/suequimed.com.mx\/2025\/wp-json\/wp\/v2\/product_cat?post=2312"},{"taxonomy":"product_tag","embeddable":true,"href":"https:\/\/suequimed.com.mx\/2025\/wp-json\/wp\/v2\/product_tag?post=2312"}],"curies":[{"name":"wp","href":"https:\/\/api.w.org\/{rel}","templated":true}]}}