{"id":2307,"date":"2025-10-21T16:26:51","date_gmt":"2025-10-21T16:26:51","guid":{"rendered":"https:\/\/suequimed.com.mx\/2025\/?post_type=product&#038;p=2307"},"modified":"2025-10-22T15:51:36","modified_gmt":"2025-10-22T15:51:36","slug":"mango-swiss-dolorclast-power","status":"publish","type":"product","link":"https:\/\/suequimed.com.mx\/2025\/producto\/mango-swiss-dolorclast-power\/","title":{"rendered":"Mango Swiss DolorClast\u00ae Power+"},"content":{"rendered":"<p><strong>Potente<\/strong><br \/>\nNuevo dise\u00f1o, proyectil optimizado y aplicadores mejorados para una mayor densidad de flujo de energ\u00eda (EFD).<\/p>\n<p><strong>Compatible<\/strong><br \/>\nFunciona con todos los modelos Swiss DolorClast\u00ae y es f\u00e1cil de usar.<\/p>\n<p><strong>Econ\u00f3mico<\/strong><br \/>\nSoluci\u00f3n inteligente y rentable para una amplia gama de terapias con ondas de choque.<\/p>\n","protected":false},"excerpt":{"rendered":"<p>Potente Nuevo dise\u00f1o, proyectil optimizado y aplicadores mejorados para una mayor densidad de flujo de energ\u00eda (EFD). Compatible Funciona con todos los modelos Swiss DolorClast\u00ae y es f\u00e1cil de usar. Econ\u00f3mico Soluci\u00f3n inteligente y rentable para una amplia gama de terapias con ondas de choque.<\/p>\n","protected":false},"featured_media":2326,"comment_status":"open","ping_status":"closed","template":"","meta":{"_acf_changed":false,"nf_dc_page":"","om_disable_all_campaigns":false,"_joinchat":[]},"product_brand":[56],"product_cat":[23],"product_tag":[],"class_list":{"0":"post-2307","1":"product","2":"type-product","3":"status-publish","4":"has-post-thumbnail","6":"product_brand-ems","7":"product_cat-sin-categorizar","9":"first","10":"instock","11":"shipping-taxable","12":"product-type-simple"},"acf":[],"_links":{"self":[{"href":"https:\/\/suequimed.com.mx\/2025\/wp-json\/wp\/v2\/product\/2307","targetHints":{"allow":["GET"]}}],"collection":[{"href":"https:\/\/suequimed.com.mx\/2025\/wp-json\/wp\/v2\/product"}],"about":[{"href":"https:\/\/suequimed.com.mx\/2025\/wp-json\/wp\/v2\/types\/product"}],"replies":[{"embeddable":true,"href":"https:\/\/suequimed.com.mx\/2025\/wp-json\/wp\/v2\/comments?post=2307"}],"version-history":[{"count":1,"href":"https:\/\/suequimed.com.mx\/2025\/wp-json\/wp\/v2\/product\/2307\/revisions"}],"predecessor-version":[{"id":2311,"href":"https:\/\/suequimed.com.mx\/2025\/wp-json\/wp\/v2\/product\/2307\/revisions\/2311"}],"wp:featuredmedia":[{"embeddable":true,"href":"https:\/\/suequimed.com.mx\/2025\/wp-json\/wp\/v2\/media\/2326"}],"wp:attachment":[{"href":"https:\/\/suequimed.com.mx\/2025\/wp-json\/wp\/v2\/media?parent=2307"}],"wp:term":[{"taxonomy":"product_brand","embeddable":true,"href":"https:\/\/suequimed.com.mx\/2025\/wp-json\/wp\/v2\/product_brand?post=2307"},{"taxonomy":"product_cat","embeddable":true,"href":"https:\/\/suequimed.com.mx\/2025\/wp-json\/wp\/v2\/product_cat?post=2307"},{"taxonomy":"product_tag","embeddable":true,"href":"https:\/\/suequimed.com.mx\/2025\/wp-json\/wp\/v2\/product_tag?post=2307"}],"curies":[{"name":"wp","href":"https:\/\/api.w.org\/{rel}","templated":true}]}}