{"id":2302,"date":"2025-10-21T16:24:56","date_gmt":"2025-10-21T16:24:56","guid":{"rendered":"https:\/\/suequimed.com.mx\/2025\/?post_type=product&#038;p=2302"},"modified":"2025-10-22T16:03:48","modified_gmt":"2025-10-22T16:03:48","slug":"mango-swiss-dolorclast-evoblue","status":"publish","type":"product","link":"https:\/\/suequimed.com.mx\/2025\/producto\/mango-swiss-dolorclast-evoblue\/","title":{"rendered":"Mango Swiss DolorClast\u00ae EvoBlue"},"content":{"rendered":"<p><strong>&#8220;Energ\u00eda constante en todas las frecuencias<\/strong><br \/>\n\u00danico aplicador que mantiene EFD estable para mejores resultados cl\u00ednicos.<\/p>\n<p><strong>Mayor rendimiento terap\u00e9utico<\/strong><br \/>\nDise\u00f1o optimizado para una transmisi\u00f3n precisa de ondas de choque.<\/p>\n<p><strong>Mantenimiento r\u00e1pido y seguro<\/strong><br \/>\nSistema Smart Lock que facilita el cambio de piezas sin errores ni retrasos.&#8221;<\/p>\n","protected":false},"excerpt":{"rendered":"<p>&#8220;Energ\u00eda constante en todas las frecuencias \u00danico aplicador que mantiene EFD estable para mejores resultados cl\u00ednicos. Mayor rendimiento terap\u00e9utico Dise\u00f1o optimizado para una transmisi\u00f3n precisa de ondas de choque. Mantenimiento r\u00e1pido y seguro Sistema Smart Lock que facilita el cambio de piezas sin errores ni retrasos.&#8221;<\/p>\n","protected":false},"featured_media":2327,"comment_status":"open","ping_status":"closed","template":"","meta":{"_acf_changed":false,"nf_dc_page":"","om_disable_all_campaigns":false,"_joinchat":[]},"product_brand":[56],"product_cat":[23],"product_tag":[],"class_list":{"0":"post-2302","1":"product","2":"type-product","3":"status-publish","4":"has-post-thumbnail","6":"product_brand-ems","7":"product_cat-sin-categorizar","9":"first","10":"instock","11":"shipping-taxable","12":"product-type-simple"},"acf":[],"_links":{"self":[{"href":"https:\/\/suequimed.com.mx\/2025\/wp-json\/wp\/v2\/product\/2302","targetHints":{"allow":["GET"]}}],"collection":[{"href":"https:\/\/suequimed.com.mx\/2025\/wp-json\/wp\/v2\/product"}],"about":[{"href":"https:\/\/suequimed.com.mx\/2025\/wp-json\/wp\/v2\/types\/product"}],"replies":[{"embeddable":true,"href":"https:\/\/suequimed.com.mx\/2025\/wp-json\/wp\/v2\/comments?post=2302"}],"version-history":[{"count":1,"href":"https:\/\/suequimed.com.mx\/2025\/wp-json\/wp\/v2\/product\/2302\/revisions"}],"predecessor-version":[{"id":2306,"href":"https:\/\/suequimed.com.mx\/2025\/wp-json\/wp\/v2\/product\/2302\/revisions\/2306"}],"wp:featuredmedia":[{"embeddable":true,"href":"https:\/\/suequimed.com.mx\/2025\/wp-json\/wp\/v2\/media\/2327"}],"wp:attachment":[{"href":"https:\/\/suequimed.com.mx\/2025\/wp-json\/wp\/v2\/media?parent=2302"}],"wp:term":[{"taxonomy":"product_brand","embeddable":true,"href":"https:\/\/suequimed.com.mx\/2025\/wp-json\/wp\/v2\/product_brand?post=2302"},{"taxonomy":"product_cat","embeddable":true,"href":"https:\/\/suequimed.com.mx\/2025\/wp-json\/wp\/v2\/product_cat?post=2302"},{"taxonomy":"product_tag","embeddable":true,"href":"https:\/\/suequimed.com.mx\/2025\/wp-json\/wp\/v2\/product_tag?post=2302"}],"curies":[{"name":"wp","href":"https:\/\/api.w.org\/{rel}","templated":true}]}}