{"id":2298,"date":"2025-10-21T16:19:57","date_gmt":"2025-10-21T16:19:57","guid":{"rendered":"https:\/\/suequimed.com.mx\/2025\/?post_type=product&#038;p=2298"},"modified":"2025-10-22T16:04:49","modified_gmt":"2025-10-22T16:04:49","slug":"swiss-dolorclast-smart20","status":"publish","type":"product","link":"https:\/\/suequimed.com.mx\/2025\/producto\/swiss-dolorclast-smart20\/","title":{"rendered":"Swiss DolorClast\u00ae Smart20"},"content":{"rendered":"<p>Tratamiento eficaz y cl\u00ednicamente probado<\/p>\n<p>Configuraci\u00f3n r\u00e1pida, limpieza sencilla y sin complicaciones.<\/p>\n<p>Ideal para cl\u00ednicas que buscan eficiencia en cada sesi\u00f3n.<\/p>\n","protected":false},"excerpt":{"rendered":"<p>Tratamiento eficaz y cl\u00ednicamente probado Configuraci\u00f3n r\u00e1pida, limpieza sencilla y sin complicaciones. Ideal para cl\u00ednicas que buscan eficiencia en cada sesi\u00f3n.<\/p>\n","protected":false},"featured_media":2328,"comment_status":"open","ping_status":"closed","template":"","meta":{"_acf_changed":false,"nf_dc_page":"","om_disable_all_campaigns":false,"_joinchat":[]},"product_brand":[56],"product_cat":[23],"product_tag":[],"class_list":{"0":"post-2298","1":"product","2":"type-product","3":"status-publish","4":"has-post-thumbnail","6":"product_brand-ems","7":"product_cat-sin-categorizar","9":"first","10":"instock","11":"shipping-taxable","12":"product-type-simple"},"acf":[],"_links":{"self":[{"href":"https:\/\/suequimed.com.mx\/2025\/wp-json\/wp\/v2\/product\/2298","targetHints":{"allow":["GET"]}}],"collection":[{"href":"https:\/\/suequimed.com.mx\/2025\/wp-json\/wp\/v2\/product"}],"about":[{"href":"https:\/\/suequimed.com.mx\/2025\/wp-json\/wp\/v2\/types\/product"}],"replies":[{"embeddable":true,"href":"https:\/\/suequimed.com.mx\/2025\/wp-json\/wp\/v2\/comments?post=2298"}],"version-history":[{"count":3,"href":"https:\/\/suequimed.com.mx\/2025\/wp-json\/wp\/v2\/product\/2298\/revisions"}],"predecessor-version":[{"id":2319,"href":"https:\/\/suequimed.com.mx\/2025\/wp-json\/wp\/v2\/product\/2298\/revisions\/2319"}],"wp:featuredmedia":[{"embeddable":true,"href":"https:\/\/suequimed.com.mx\/2025\/wp-json\/wp\/v2\/media\/2328"}],"wp:attachment":[{"href":"https:\/\/suequimed.com.mx\/2025\/wp-json\/wp\/v2\/media?parent=2298"}],"wp:term":[{"taxonomy":"product_brand","embeddable":true,"href":"https:\/\/suequimed.com.mx\/2025\/wp-json\/wp\/v2\/product_brand?post=2298"},{"taxonomy":"product_cat","embeddable":true,"href":"https:\/\/suequimed.com.mx\/2025\/wp-json\/wp\/v2\/product_cat?post=2298"},{"taxonomy":"product_tag","embeddable":true,"href":"https:\/\/suequimed.com.mx\/2025\/wp-json\/wp\/v2\/product_tag?post=2298"}],"curies":[{"name":"wp","href":"https:\/\/api.w.org\/{rel}","templated":true}]}}