{"id":2287,"date":"2025-10-17T19:19:23","date_gmt":"2025-10-17T19:19:23","guid":{"rendered":"https:\/\/suequimed.com.mx\/2025\/?post_type=product&#038;p=2287"},"modified":"2025-10-22T16:07:36","modified_gmt":"2025-10-22T16:07:36","slug":"vitom","status":"publish","type":"product","link":"https:\/\/suequimed.com.mx\/2025\/producto\/vitom\/","title":{"rendered":"VITOM"},"content":{"rendered":"<p>M\u00e1xima flexibilidad con el ureterorenoscopio de video de un solo uso<\/p>\n<p>Calidad de imagen superior para una visualizaci\u00f3n precisa durante la endoscop\u00eda urol\u00f3gica.*<\/p>\n<p>Compatible con el sistema de c\u00e1mara IMAGE1 S&#x2122; y otras tecnolog\u00edas de imagen avanzadas de KARL STORZ.<\/p>\n","protected":false},"excerpt":{"rendered":"<p>M\u00e1xima flexibilidad con el ureterorenoscopio de video de un solo uso Calidad de imagen superior para una visualizaci\u00f3n precisa durante la endoscop\u00eda urol\u00f3gica.* Compatible con el sistema de c\u00e1mara IMAGE1 S&#x2122; y otras tecnolog\u00edas de imagen avanzadas de KARL STORZ.<\/p>\n","protected":false},"featured_media":2332,"comment_status":"open","ping_status":"closed","template":"","meta":{"_acf_changed":false,"nf_dc_page":"","om_disable_all_campaigns":false,"_joinchat":[]},"product_brand":[57],"product_cat":[23],"product_tag":[],"class_list":{"0":"post-2287","1":"product","2":"type-product","3":"status-publish","4":"has-post-thumbnail","6":"product_brand-karl-storz","7":"product_cat-sin-categorizar","9":"first","10":"instock","11":"shipping-taxable","12":"product-type-simple"},"acf":[],"_links":{"self":[{"href":"https:\/\/suequimed.com.mx\/2025\/wp-json\/wp\/v2\/product\/2287","targetHints":{"allow":["GET"]}}],"collection":[{"href":"https:\/\/suequimed.com.mx\/2025\/wp-json\/wp\/v2\/product"}],"about":[{"href":"https:\/\/suequimed.com.mx\/2025\/wp-json\/wp\/v2\/types\/product"}],"replies":[{"embeddable":true,"href":"https:\/\/suequimed.com.mx\/2025\/wp-json\/wp\/v2\/comments?post=2287"}],"version-history":[{"count":1,"href":"https:\/\/suequimed.com.mx\/2025\/wp-json\/wp\/v2\/product\/2287\/revisions"}],"predecessor-version":[{"id":2292,"href":"https:\/\/suequimed.com.mx\/2025\/wp-json\/wp\/v2\/product\/2287\/revisions\/2292"}],"wp:featuredmedia":[{"embeddable":true,"href":"https:\/\/suequimed.com.mx\/2025\/wp-json\/wp\/v2\/media\/2332"}],"wp:attachment":[{"href":"https:\/\/suequimed.com.mx\/2025\/wp-json\/wp\/v2\/media?parent=2287"}],"wp:term":[{"taxonomy":"product_brand","embeddable":true,"href":"https:\/\/suequimed.com.mx\/2025\/wp-json\/wp\/v2\/product_brand?post=2287"},{"taxonomy":"product_cat","embeddable":true,"href":"https:\/\/suequimed.com.mx\/2025\/wp-json\/wp\/v2\/product_cat?post=2287"},{"taxonomy":"product_tag","embeddable":true,"href":"https:\/\/suequimed.com.mx\/2025\/wp-json\/wp\/v2\/product_tag?post=2287"}],"curies":[{"name":"wp","href":"https:\/\/api.w.org\/{rel}","templated":true}]}}