{"id":2274,"date":"2025-10-17T19:02:38","date_gmt":"2025-10-17T19:02:38","guid":{"rendered":"https:\/\/suequimed.com.mx\/2025\/?post_type=product&#038;p=2274"},"modified":"2025-10-22T16:16:28","modified_gmt":"2025-10-22T16:16:28","slug":"tele-pack","status":"publish","type":"product","link":"https:\/\/suequimed.com.mx\/2025\/producto\/tele-pack\/","title":{"rendered":"TELE PACK +"},"content":{"rendered":"<p>Monitor FULL HD con pantalla t\u00e1ctil para una visualizaci\u00f3n precisa y f\u00e1cil de usar.<\/p>\n<p>Fuente de luz LED integrada para im\u00e1genes claras y brillantes.<\/p>\n<p>Almacenamiento de datos del paciente en memoria interna, USB o mediante integraci\u00f3n en red.<\/p>\n<p>Compatible con endoscopios r\u00edgidos, flexibles y de un solo uso de KARL STORZ.<\/p>\n<p>Funci\u00f3n de red opcional: exportaci\u00f3n e importaci\u00f3n de datos del paciente.<\/p>\n","protected":false},"excerpt":{"rendered":"<p>Monitor FULL HD con pantalla t\u00e1ctil para una visualizaci\u00f3n precisa y f\u00e1cil de usar. Fuente de luz LED integrada para im\u00e1genes claras y brillantes. Almacenamiento de datos del paciente en memoria interna, USB o mediante integraci\u00f3n en red. Compatible con endoscopios r\u00edgidos, flexibles y de un solo uso de KARL STORZ. Funci\u00f3n de red opcional: [&hellip;]<\/p>\n","protected":false},"featured_media":2334,"comment_status":"open","ping_status":"closed","template":"","meta":{"_acf_changed":false,"nf_dc_page":"","om_disable_all_campaigns":false,"_joinchat":[]},"product_brand":[57],"product_cat":[23],"product_tag":[],"class_list":{"0":"post-2274","1":"product","2":"type-product","3":"status-publish","4":"has-post-thumbnail","6":"product_brand-karl-storz","7":"product_cat-sin-categorizar","9":"first","10":"instock","11":"shipping-taxable","12":"product-type-simple"},"acf":[],"_links":{"self":[{"href":"https:\/\/suequimed.com.mx\/2025\/wp-json\/wp\/v2\/product\/2274","targetHints":{"allow":["GET"]}}],"collection":[{"href":"https:\/\/suequimed.com.mx\/2025\/wp-json\/wp\/v2\/product"}],"about":[{"href":"https:\/\/suequimed.com.mx\/2025\/wp-json\/wp\/v2\/types\/product"}],"replies":[{"embeddable":true,"href":"https:\/\/suequimed.com.mx\/2025\/wp-json\/wp\/v2\/comments?post=2274"}],"version-history":[{"count":2,"href":"https:\/\/suequimed.com.mx\/2025\/wp-json\/wp\/v2\/product\/2274\/revisions"}],"predecessor-version":[{"id":2280,"href":"https:\/\/suequimed.com.mx\/2025\/wp-json\/wp\/v2\/product\/2274\/revisions\/2280"}],"wp:featuredmedia":[{"embeddable":true,"href":"https:\/\/suequimed.com.mx\/2025\/wp-json\/wp\/v2\/media\/2334"}],"wp:attachment":[{"href":"https:\/\/suequimed.com.mx\/2025\/wp-json\/wp\/v2\/media?parent=2274"}],"wp:term":[{"taxonomy":"product_brand","embeddable":true,"href":"https:\/\/suequimed.com.mx\/2025\/wp-json\/wp\/v2\/product_brand?post=2274"},{"taxonomy":"product_cat","embeddable":true,"href":"https:\/\/suequimed.com.mx\/2025\/wp-json\/wp\/v2\/product_cat?post=2274"},{"taxonomy":"product_tag","embeddable":true,"href":"https:\/\/suequimed.com.mx\/2025\/wp-json\/wp\/v2\/product_tag?post=2274"}],"curies":[{"name":"wp","href":"https:\/\/api.w.org\/{rel}","templated":true}]}}